{"id":319,"date":"2025-12-22T10:14:46","date_gmt":"2025-12-22T10:14:46","guid":{"rendered":"https:\/\/bankkredit.com\/?page_id=319"},"modified":"2025-12-22T10:16:12","modified_gmt":"2025-12-22T10:16:12","slug":"kontakt","status":"publish","type":"page","link":"https:\/\/bankkredit.com\/at\/kontakt\/","title":{"rendered":"Kontakt"},"content":{"rendered":"<style>.elementor-319 .elementor-element.elementor-element-25e9f0c > .elementor-background-overlay{background-image:url(\"https:\/\/bankkredit.com\/wp-content\/uploads\/2025\/12\/header_02.jpg\");background-position:top left;background-repeat:no-repeat;opacity:0.5;}.elementor-319 .elementor-element.elementor-element-25e9f0c{border-style:solid;border-width:0px 0px 1px 0px;border-color:#50505017;margin-top:-70px;margin-bottom:0px;padding:160px 0px 20px 0px;}.elementor-319 .elementor-element.elementor-element-52add880 .jeg-elementor-kit.jkit-post-title{text-align:left;}.elementor-319 .elementor-element.elementor-element-52add880 .jeg-elementor-kit.jkit-post-title .post-title.style-color, .elementor-319 .elementor-element.elementor-element-52add880 .jeg-elementor-kit.jkit-post-title .post-title.style-color a{color:var( --e-global-color-primary );}.elementor-319 .elementor-element.elementor-element-796e26cb{margin-top:0px;margin-bottom:60px;padding:0px 0px 0px 0px;z-index:0;}.elementor-319 .elementor-element.elementor-element-15ab88e8 > .elementor-element-populated{border-style:solid;border-width:1px 0px 0px 0px;border-color:#1701265E;margin:-1px 0px 0px 0px;--e-column-margin-right:0px;--e-column-margin-left:0px;padding:80px 10px 0px 10px;}.elementor-319 .elementor-element.elementor-element-653bfd84 .elementor-heading-title{font-family:var( --e-global-typography-4451c80-font-family ), Sans-serif;font-size:var( --e-global-typography-4451c80-font-size );font-weight:var( --e-global-typography-4451c80-font-weight );line-height:var( --e-global-typography-4451c80-line-height );letter-spacing:var( --e-global-typography-4451c80-letter-spacing );word-spacing:var( --e-global-typography-4451c80-word-spacing );}@media(max-width:1024px) and (min-width:768px){.elementor-319 .elementor-element.elementor-element-5cdaf96f{width:100%;}}@media(max-width:1024px){.elementor-319 .elementor-element.elementor-element-25e9f0c{padding:130px 30px 30px 30px;}.elementor-319 .elementor-element.elementor-element-15ab88e8 > .elementor-element-populated{padding:30px 30px 0px 30px;}.elementor-319 .elementor-element.elementor-element-653bfd84 .elementor-heading-title{font-size:var( --e-global-typography-4451c80-font-size );line-height:var( --e-global-typography-4451c80-line-height );letter-spacing:var( --e-global-typography-4451c80-letter-spacing );word-spacing:var( --e-global-typography-4451c80-word-spacing );}}@media(max-width:767px){.elementor-319 .elementor-element.elementor-element-25e9f0c{padding:60px 20px 0px 20px;}.elementor-319 .elementor-element.elementor-element-5cdaf96f > .elementor-element-populated{margin:60px 0px 20px 0px;--e-column-margin-right:0px;--e-column-margin-left:0px;padding:0px 0px 0px 0px;}.elementor-319 .elementor-element.elementor-element-796e26cb{margin-top:0px;margin-bottom:0px;}.elementor-319 .elementor-element.elementor-element-15ab88e8 > .elementor-element-populated{padding:60px 20px 30px 20px;}.elementor-319 .elementor-element.elementor-element-653bfd84 .elementor-heading-title{font-size:var( --e-global-typography-4451c80-font-size );line-height:var( --e-global-typography-4451c80-line-height );letter-spacing:var( --e-global-typography-4451c80-letter-spacing );word-spacing:var( --e-global-typography-4451c80-word-spacing );}}<\/style>\t\t<div data-elementor-type=\"wp-page\" data-elementor-id=\"319\" class=\"elementor elementor-319\" data-elementor-post-type=\"page\">\n\t\t\t\t\t\t<section class=\"elementor-section elementor-top-section elementor-element elementor-element-25e9f0c elementor-section-boxed elementor-section-height-default elementor-section-height-default\" data-id=\"25e9f0c\" data-element_type=\"section\" data-e-type=\"section\">\n\t\t\t\t\t\t\t<div class=\"elementor-background-overlay\"><\/div>\n\t\t\t\t\t\t\t<div class=\"elementor-container elementor-column-gap-default\">\n\t\t\t\t\t<div class=\"elementor-column elementor-col-100 elementor-top-column elementor-element elementor-element-5cdaf96f\" data-id=\"5cdaf96f\" data-element_type=\"column\" data-e-type=\"column\">\n\t\t\t<div class=\"elementor-widget-wrap elementor-element-populated\">\n\t\t\t\t\t\t<div class=\"elementor-element elementor-element-52add880 elementor-widget elementor-widget-jkit_post_title\" data-id=\"52add880\" data-element_type=\"widget\" data-e-type=\"widget\" data-widget_type=\"jkit_post_title.default\">\n\t\t\t\t\t<div  class=\"jeg-elementor-kit jkit-post-title jeg_module___69fe29683838b\" ><h2 class=\"post-title style-color\">Kontakt<\/h2><\/div>\t\t\t\t<\/div>\n\t\t\t\t\t<\/div>\n\t\t<\/div>\n\t\t\t\t\t<\/div>\n\t\t<\/section>\n\t\t\t\t<section class=\"elementor-section elementor-top-section elementor-element elementor-element-796e26cb elementor-section-boxed elementor-section-height-default elementor-section-height-default\" data-id=\"796e26cb\" data-element_type=\"section\" data-e-type=\"section\">\n\t\t\t\t\t\t<div class=\"elementor-container elementor-column-gap-default\">\n\t\t\t\t\t<div class=\"elementor-column elementor-col-100 elementor-top-column elementor-element elementor-element-15ab88e8\" data-id=\"15ab88e8\" data-element_type=\"column\" data-e-type=\"column\">\n\t\t\t<div class=\"elementor-widget-wrap elementor-element-populated\">\n\t\t\t\t\t\t<div class=\"elementor-element elementor-element-570f2c40 elementor-widget elementor-widget-text-editor\" data-id=\"570f2c40\" data-element_type=\"widget\" data-e-type=\"widget\" data-widget_type=\"text-editor.default\">\n\t\t\t\t\t\t\t\t\t<p data-start=\"230\" data-end=\"342\">Haben Sie Fragen zu BankKredit, zur Kredit Vorpr\u00fcfung oder zu unseren Inhalten?<br data-start=\"309\" data-end=\"312\" \/>Wir helfen Ihnen gerne weiter.<\/p><p data-start=\"344\" data-end=\"455\">Nutzen Sie das Kontaktformular oder schreiben Sie uns direkt \u2013 wir melden uns so schnell wie m\u00f6glich bei Ihnen.<\/p><hr data-start=\"457\" data-end=\"460\" \/><h2 data-start=\"462\" data-end=\"489\"><strong data-start=\"465\" data-end=\"489\">So erreichen Sie uns<\/strong><\/h2><h3 data-start=\"491\" data-end=\"517\">\ud83d\udce9 <strong data-start=\"498\" data-end=\"517\">Kontaktformular<\/strong><\/h3><p data-start=\"518\" data-end=\"702\">Bitte nutzen Sie unser Kontaktformular f\u00fcr allgemeine Anfragen, Feedback oder Informationsw\u00fcnsche.<br data-start=\"616\" data-end=\"619\" \/>Wir beantworten ausschlie\u00dflich <strong data-start=\"650\" data-end=\"687\">inhaltliche und technische Fragen<\/strong> zu BankKredit.<\/p><blockquote data-start=\"704\" data-end=\"871\"><p data-start=\"706\" data-end=\"871\">\u26a0\ufe0f Hinweis:<br data-start=\"717\" data-end=\"720\" \/>BankKredit ist <strong data-start=\"737\" data-end=\"751\">keine Bank<\/strong> und <strong data-start=\"756\" data-end=\"776\">kein Kreditgeber<\/strong>.<br data-start=\"777\" data-end=\"780\" \/>Wir k\u00f6nnen <strong data-start=\"793\" data-end=\"827\">keine Kreditantr\u00e4ge bearbeiten<\/strong> und <strong data-start=\"832\" data-end=\"870\">keine Kreditentscheidungen treffen<\/strong>.<\/p><\/blockquote><hr data-start=\"873\" data-end=\"876\" \/><h3 data-start=\"878\" data-end=\"895\">\ud83d\udce7 <strong data-start=\"885\" data-end=\"895\">E-Mail<\/strong><\/h3><p data-start=\"896\" data-end=\"986\"><strong data-start=\"896\" data-end=\"907\">E-Mail:<\/strong><br data-start=\"907\" data-end=\"910\" \/>mail@bankkredit.com <em data-start=\"932\" data-end=\"986\">(Beispiel \u2013 bitte durch Ihre echte Adresse ersetzen)<\/em><\/p><hr data-start=\"988\" data-end=\"991\" \/><h3 data-start=\"993\" data-end=\"1017\">\ud83d\udd52 <strong data-start=\"1000\" data-end=\"1017\">Antwortzeiten<\/strong><\/h3><ul data-start=\"1018\" data-end=\"1120\"><li data-start=\"1018\" data-end=\"1078\"><p data-start=\"1020\" data-end=\"1078\">In der Regel antworten wir <strong data-start=\"1047\" data-end=\"1078\">innerhalb von 24\u201348 Stunden<\/strong><\/p><\/li><li data-start=\"1079\" data-end=\"1120\"><p data-start=\"1081\" data-end=\"1120\">Anfragen werden an Werktagen bearbeitet<\/p><\/li><\/ul><hr data-start=\"1122\" data-end=\"1125\" \/><h2 data-start=\"1127\" data-end=\"1163\"><strong data-start=\"1130\" data-end=\"1163\">Wobei wir Ihnen helfen k\u00f6nnen<\/strong><\/h2><p data-start=\"1165\" data-end=\"1320\">\u2714 Fragen zur Kredit Vorpr\u00fcfung<br data-start=\"1195\" data-end=\"1198\" \/>\u2714 Verst\u00e4ndnis unserer Inhalte &amp; Tools<br data-start=\"1235\" data-end=\"1238\" \/>\u2714 Technische Probleme auf der Website<br data-start=\"1275\" data-end=\"1278\" \/>\u2714 Datenschutz- oder Informationsanfragen<\/p><hr data-start=\"1322\" data-end=\"1325\" \/><h2 data-start=\"1327\" data-end=\"1363\"><strong data-start=\"1330\" data-end=\"1363\">Wobei wir nicht helfen k\u00f6nnen<\/strong><\/h2><p data-start=\"1365\" data-end=\"1526\">\u274c Bearbeitung von Kreditantr\u00e4gen<br data-start=\"1397\" data-end=\"1400\" \/>\u274c Kreditgenehmigungen oder Zusagen<br data-start=\"1434\" data-end=\"1437\" \/>\u274c Individuelle Finanz- oder Kreditberatung<br data-start=\"1479\" data-end=\"1482\" \/>\u274c Weiterleitung an Banken oder Kreditgeber<\/p><hr data-start=\"1528\" data-end=\"1531\" \/><h2 data-start=\"1533\" data-end=\"1559\"><strong data-start=\"1536\" data-end=\"1559\">Datenschutz-Hinweis<\/strong><\/h2><p data-start=\"1561\" data-end=\"1738\">Ihre Anfrage wird <strong data-start=\"1579\" data-end=\"1594\">vertraulich<\/strong> behandelt und ausschlie\u00dflich zur Bearbeitung Ihres Anliegens verwendet.<br data-start=\"1666\" data-end=\"1669\" \/>Weitere Informationen finden Sie in unserer <strong data-start=\"1713\" data-end=\"1737\">Datenschutzerkl\u00e4rung<\/strong>.<\/p><hr data-start=\"1740\" data-end=\"1743\" \/><h2 data-start=\"1745\" data-end=\"1783\"><strong data-start=\"1748\" data-end=\"1783\">Alternative Informationsquellen<\/strong><\/h2><p data-start=\"1785\" data-end=\"1822\">Viele Antworten finden Sie auch hier:<\/p><ul data-start=\"1824\" data-end=\"1913\"><li data-start=\"1824\" data-end=\"1852\"><p data-start=\"1826\" data-end=\"1852\"><strong data-start=\"1826\" data-end=\"1850\">FAQ \u2013 H\u00e4ufige Fragen<\/strong><\/p><\/li><li data-start=\"1853\" data-end=\"1887\"><p data-start=\"1855\" data-end=\"1887\"><strong data-start=\"1855\" data-end=\"1885\">So funktioniert BankKredit<\/strong><\/p><\/li><li data-start=\"1888\" data-end=\"1913\"><p data-start=\"1890\" data-end=\"1913\"><strong data-start=\"1890\" data-end=\"1911\">Kredit Vorpr\u00fcfung<\/strong><\/p><\/li><\/ul><p data-start=\"1915\" data-end=\"1967\">\ud83d\udc49 Ein Blick lohnt sich, bevor Sie uns kontaktieren.<\/p><hr data-start=\"1969\" data-end=\"1972\" \/><h2 data-start=\"1974\" data-end=\"1986\"><strong data-start=\"1977\" data-end=\"1986\">Fazit<\/strong><\/h2><p data-start=\"1988\" data-end=\"2121\">Wir sind f\u00fcr Sie da, wenn Sie Informationen ben\u00f6tigen oder Fragen zu BankKredit haben.<br data-start=\"2074\" data-end=\"2077\" \/>Transparent, ehrlich und ohne Verpflichtung.<\/p><p data-start=\"2123\" data-end=\"2174\"><strong data-start=\"2123\" data-end=\"2174\">Kontaktieren Sie uns \u2013 wir helfen gerne weiter.<\/strong><\/p>\t\t\t\t\t\t\t\t<\/div>\n\t\t\t\t\t<\/div>\n\t\t<\/div>\n\t\t\t\t\t<\/div>\n\t\t<\/section>\n\t\t\t\t<\/div>","protected":false},"excerpt":{"rendered":"<p>Kontakt Haben Sie Fragen zu BankKredit, zur Kredit Vorpr\u00fcfung oder zu unseren Inhalten?Wir helfen Ihnen gerne weiter. Nutzen Sie das Kontaktformular oder schreiben Sie uns direkt \u2013 wir melden uns so schnell wie m\u00f6glich bei Ihnen. So erreichen Sie uns \ud83d\udce9 Kontaktformular Bitte nutzen Sie unser Kontaktformular f\u00fcr allgemeine Anfragen, Feedback oder Informationsw\u00fcnsche.Wir beantworten ausschlie\u00dflich [&hellip;]<\/p>","protected":false},"author":1,"featured_media":0,"parent":0,"menu_order":0,"comment_status":"closed","ping_status":"closed","template":"","meta":{"footnotes":""},"class_list":["post-319","page","type-page","status-publish","hentry"],"_links":{"self":[{"href":"https:\/\/bankkredit.com\/at\/wp-json\/wp\/v2\/pages\/319","targetHints":{"allow":["GET"]}}],"collection":[{"href":"https:\/\/bankkredit.com\/at\/wp-json\/wp\/v2\/pages"}],"about":[{"href":"https:\/\/bankkredit.com\/at\/wp-json\/wp\/v2\/types\/page"}],"author":[{"embeddable":true,"href":"https:\/\/bankkredit.com\/at\/wp-json\/wp\/v2\/users\/1"}],"replies":[{"embeddable":true,"href":"https:\/\/bankkredit.com\/at\/wp-json\/wp\/v2\/comments?post=319"}],"version-history":[{"count":4,"href":"https:\/\/bankkredit.com\/at\/wp-json\/wp\/v2\/pages\/319\/revisions"}],"predecessor-version":[{"id":323,"href":"https:\/\/bankkredit.com\/at\/wp-json\/wp\/v2\/pages\/319\/revisions\/323"}],"wp:attachment":[{"href":"https:\/\/bankkredit.com\/at\/wp-json\/wp\/v2\/media?parent=319"}],"curies":[{"name":"wp","href":"https:\/\/api.w.org\/{rel}","templated":true}]}}