{"id":311,"date":"2025-12-22T10:08:55","date_gmt":"2025-12-22T10:08:55","guid":{"rendered":"https:\/\/bankkredit.com\/?page_id=311"},"modified":"2025-12-22T10:10:21","modified_gmt":"2025-12-22T10:10:21","slug":"ueber-uns","status":"publish","type":"page","link":"https:\/\/bankkredit.com\/en\/ueber-uns\/","title":{"rendered":"About us"},"content":{"rendered":"<style>.elementor-311 .elementor-element.elementor-element-3be19989 > .elementor-background-overlay{background-image:url(\"https:\/\/bankkredit.com\/wp-content\/uploads\/2025\/12\/header_02.jpg\");background-position:top left;background-repeat:no-repeat;opacity:0.5;}.elementor-311 .elementor-element.elementor-element-3be19989{border-style:solid;border-width:0px 0px 1px 0px;border-color:#50505017;margin-top:-70px;margin-bottom:0px;padding:160px 0px 20px 0px;}.elementor-311 .elementor-element.elementor-element-7ec6ce9e .jeg-elementor-kit.jkit-post-title{text-align:left;}.elementor-311 .elementor-element.elementor-element-7ec6ce9e .jeg-elementor-kit.jkit-post-title .post-title.style-color, .elementor-311 .elementor-element.elementor-element-7ec6ce9e .jeg-elementor-kit.jkit-post-title .post-title.style-color a{color:var( --e-global-color-primary );}.elementor-311 .elementor-element.elementor-element-4928abd8{margin-top:0px;margin-bottom:60px;padding:0px 0px 0px 0px;z-index:0;}.elementor-311 .elementor-element.elementor-element-11f7c0f1 > .elementor-element-populated{border-style:solid;border-width:1px 0px 0px 0px;border-color:#1701265E;margin:-1px 0px 0px 0px;--e-column-margin-right:0px;--e-column-margin-left:0px;padding:80px 10px 0px 10px;}@media(max-width:1024px) and (min-width:768px){.elementor-311 .elementor-element.elementor-element-72404d30{width:100%;}}@media(max-width:1024px){.elementor-311 .elementor-element.elementor-element-3be19989{padding:130px 30px 30px 30px;}.elementor-311 .elementor-element.elementor-element-11f7c0f1 > .elementor-element-populated{padding:30px 30px 0px 30px;}}@media(max-width:767px){.elementor-311 .elementor-element.elementor-element-3be19989{padding:60px 20px 0px 20px;}.elementor-311 .elementor-element.elementor-element-72404d30 > .elementor-element-populated{margin:60px 0px 20px 0px;--e-column-margin-right:0px;--e-column-margin-left:0px;padding:0px 0px 0px 0px;}.elementor-311 .elementor-element.elementor-element-4928abd8{margin-top:0px;margin-bottom:0px;}.elementor-311 .elementor-element.elementor-element-11f7c0f1 > .elementor-element-populated{padding:60px 20px 30px 20px;}}<\/style>\t\t<div data-elementor-type=\"wp-page\" data-elementor-id=\"311\" class=\"elementor elementor-311\" data-elementor-post-type=\"page\">\n\t\t\t\t\t\t<section class=\"elementor-section elementor-top-section elementor-element elementor-element-3be19989 elementor-section-boxed elementor-section-height-default elementor-section-height-default\" data-id=\"3be19989\" data-element_type=\"section\" data-e-type=\"section\">\n\t\t\t\t\t\t\t<div class=\"elementor-background-overlay\"><\/div>\n\t\t\t\t\t\t\t<div class=\"elementor-container elementor-column-gap-default\">\n\t\t\t\t\t<div class=\"elementor-column elementor-col-100 elementor-top-column elementor-element elementor-element-72404d30\" data-id=\"72404d30\" data-element_type=\"column\" data-e-type=\"column\">\n\t\t\t<div class=\"elementor-widget-wrap elementor-element-populated\">\n\t\t\t\t\t\t<div class=\"elementor-element elementor-element-7ec6ce9e elementor-widget elementor-widget-jkit_post_title\" data-id=\"7ec6ce9e\" data-element_type=\"widget\" data-e-type=\"widget\" data-widget_type=\"jkit_post_title.default\">\n\t\t\t\t\t<div  class=\"jeg-elementor-kit jkit-post-title jeg_module___69fe15ae1aa1d\" ><h2 class=\"post-title style-color\">About us<\/h2><\/div>\t\t\t\t<\/div>\n\t\t\t\t\t<\/div>\n\t\t<\/div>\n\t\t\t\t\t<\/div>\n\t\t<\/section>\n\t\t\t\t<section class=\"elementor-section elementor-top-section elementor-element elementor-element-4928abd8 elementor-section-boxed elementor-section-height-default elementor-section-height-default\" data-id=\"4928abd8\" data-element_type=\"section\" data-e-type=\"section\">\n\t\t\t\t\t\t<div class=\"elementor-container elementor-column-gap-default\">\n\t\t\t\t\t<div class=\"elementor-column elementor-col-100 elementor-top-column elementor-element elementor-element-11f7c0f1\" data-id=\"11f7c0f1\" data-element_type=\"column\" data-e-type=\"column\">\n\t\t\t<div class=\"elementor-widget-wrap elementor-element-populated\">\n\t\t\t\t\t\t<div class=\"elementor-element elementor-element-2babc3e elementor-widget elementor-widget-text-editor\" data-id=\"2babc3e\" data-element_type=\"widget\" data-e-type=\"widget\" data-widget_type=\"text-editor.default\">\n\t\t\t\t\t\t\t\t\t<p data-start=\"232\" data-end=\"530\"><strong data-start=\"232\" data-end=\"246\">bank loan<\/strong> ist ein unabh\u00e4ngiges, digitales Kreditportal mit dem Ziel, Verbrauchern mehr Transparenz, Orientierung und Sicherheit bei Kreditentscheidungen zu bieten. Wir helfen Menschen dabei, ihre <strong data-start=\"433\" data-end=\"477\">Assessing credit opportunities realistically<\/strong>, bevor sie einen verbindlichen Kreditantrag stellen.<\/p><p data-start=\"532\" data-end=\"695\">In einer Zeit, in der Kreditangebote oft un\u00fcbersichtlich und komplex sind, setzen wir auf <strong data-start=\"622\" data-end=\"694\">klare Informationen, verst\u00e4ndliche Prozesse und neutrale Bewertungen<\/strong>.<\/p><hr data-start=\"697\" data-end=\"700\" \/><h2 data-start=\"702\" data-end=\"723\"><strong data-start=\"705\" data-end=\"723\">Unsere Mission<\/strong><\/h2><p data-start=\"725\" data-end=\"819\">Unsere Mission ist es, den Kreditprozess <strong data-start=\"766\" data-end=\"805\">einfacher, transparenter und fairer<\/strong> to design.<\/p><p data-start=\"821\" data-end=\"928\">Viele Kreditantr\u00e4ge scheitern nicht, weil ein Kredit grunds\u00e4tzlich unm\u00f6glich ist, sondern weil Verbraucher:<\/p><ul data-start=\"929\" data-end=\"1064\"><li data-start=\"929\" data-end=\"978\"><p data-start=\"931\" data-end=\"978\">ihre finanzielle Situation falsch einsch\u00e4tzen<\/p><\/li><li data-start=\"979\" data-end=\"1017\"><p data-start=\"981\" data-end=\"1017\">unvorbereitet einen Antrag stellen<\/p><\/li><li data-start=\"1018\" data-end=\"1064\"><p data-start=\"1020\" data-end=\"1064\">unn\u00f6tige Risiken f\u00fcr ihre Bonit\u00e4t eingehen<\/p><\/li><\/ul><p data-start=\"1066\" data-end=\"1218\"><strong data-start=\"1066\" data-end=\"1101\">BankKredit setzt genau hier an.<\/strong><br data-start=\"1101\" data-end=\"1104\" \/>Wir geben Ihnen die M\u00f6glichkeit, sich <strong data-start=\"1142\" data-end=\"1180\">vorab zu informieren und zu pr\u00fcfen<\/strong>, bevor Sie eine Entscheidung treffen.<\/p><hr data-start=\"1220\" data-end=\"1223\" \/><h2 data-start=\"1225\" data-end=\"1268\"><strong data-start=\"1228\" data-end=\"1268\">Was BankKredit macht \u2013 und was nicht<\/strong><\/h2><h3 data-start=\"1270\" data-end=\"1291\">\u2705 <strong data-start=\"1276\" data-end=\"1291\">Was wir tun<\/strong><\/h3><ul data-start=\"1292\" data-end=\"1536\"><li data-start=\"1292\" data-end=\"1346\"><p data-start=\"1294\" data-end=\"1346\">Wir bieten eine <strong data-start=\"1310\" data-end=\"1346\">unverbindliche Kredit Vorpr\u00fcfung<\/strong><\/p><\/li><li data-start=\"1347\" data-end=\"1403\"><p data-start=\"1349\" data-end=\"1403\">Wir helfen bei der <strong data-start=\"1368\" data-end=\"1403\">Einsch\u00e4tzung der Kredit Chancen<\/strong><\/p><\/li><li data-start=\"1404\" data-end=\"1475\"><p data-start=\"1406\" data-end=\"1475\">Wir stellen <strong data-start=\"1418\" data-end=\"1452\">Informationsinhalte &amp; Ratgeber<\/strong> rund um Kredite bereit<\/p><\/li><li data-start=\"1476\" data-end=\"1536\"><p data-start=\"1478\" data-end=\"1536\">Wir unterst\u00fctzen eine <strong data-start=\"1500\" data-end=\"1536\">informierte Entscheidungsfindung<\/strong><\/p><\/li><\/ul><h3 data-start=\"1538\" data-end=\"1565\">\u274c <strong data-start=\"1544\" data-end=\"1565\">Was wir nicht tun<\/strong><\/h3><ul data-start=\"1566\" data-end=\"1715\"><li data-start=\"1566\" data-end=\"1591\"><p data-start=\"1568\" data-end=\"1591\">Wir sind <strong data-start=\"1577\" data-end=\"1591\">keine Bank<\/strong><\/p><\/li><li data-start=\"1592\" data-end=\"1624\"><p data-start=\"1594\" data-end=\"1624\">Wir vergeben <strong data-start=\"1607\" data-end=\"1624\">keine Kredite<\/strong><\/p><\/li><li data-start=\"1625\" data-end=\"1669\"><p data-start=\"1627\" data-end=\"1669\">Wir treffen <strong data-start=\"1639\" data-end=\"1669\">keine Kreditentscheidungen<\/strong><\/p><\/li><li data-start=\"1670\" data-end=\"1715\"><p data-start=\"1672\" data-end=\"1715\">Wir garantieren <strong data-start=\"1688\" data-end=\"1715\">keine Kreditgenehmigung<\/strong><\/p><\/li><\/ul><p data-start=\"1717\" data-end=\"1796\">BankKredit ist ein <strong data-start=\"1736\" data-end=\"1777\">Informations- und Orientierungsportal<\/strong>, kein Kreditgeber.<\/p><hr data-start=\"1798\" data-end=\"1801\" \/><h2 data-start=\"1803\" data-end=\"1851\"><strong data-start=\"1806\" data-end=\"1851\">Why a preliminary credit check is useful<\/strong><\/h2><p data-start=\"1853\" data-end=\"1884\">Ein direkter Kreditantrag kann:<\/p><ul data-start=\"1885\" data-end=\"1975\"><li data-start=\"1885\" data-end=\"1905\"><p data-start=\"1887\" data-end=\"1905\">abgelehnt werden<\/p><\/li><li data-start=\"1906\" data-end=\"1934\"><p data-start=\"1908\" data-end=\"1934\">die Bonit\u00e4t beeinflussen<\/p><\/li><li data-start=\"1935\" data-end=\"1975\"><p data-start=\"1937\" data-end=\"1975\">unn\u00f6tige SCHUFA-Eintr\u00e4ge verursachen<\/p><\/li><\/ul><p data-start=\"1977\" data-end=\"2024\">Unsere <strong data-start=\"1984\" data-end=\"2005\">Credit pre-approval<\/strong> hilft Ihnen dabei:<\/p><ul data-start=\"2025\" data-end=\"2173\"><li data-start=\"2025\" data-end=\"2072\"><p data-start=\"2027\" data-end=\"2072\">Ihre Ausgangslage realistisch einzusch\u00e4tzen<\/p><\/li><li data-start=\"2073\" data-end=\"2110\"><p data-start=\"2075\" data-end=\"2110\">unn\u00f6tige Ablehnungen zu vermeiden<\/p><\/li><li data-start=\"2111\" data-end=\"2139\"><p data-start=\"2113\" data-end=\"2139\">Ihre Bonit\u00e4t zu sch\u00fctzen<\/p><\/li><li data-start=\"2140\" data-end=\"2173\"><p data-start=\"2142\" data-end=\"2173\">besser vorbereitet zu handeln<\/p><\/li><\/ul><p data-start=\"2175\" data-end=\"2231\">\ud83d\udc49 <strong data-start=\"2178\" data-end=\"2231\">Kostenlos, unverbindlich und ohne SCHUFA-Abfrage.<\/strong><\/p><hr data-start=\"2233\" data-end=\"2236\" \/><h2 data-start=\"2238\" data-end=\"2257\"><strong data-start=\"2241\" data-end=\"2257\">Unsere Werte<\/strong><\/h2><p data-start=\"2259\" data-end=\"2311\">Bei BankKredit stehen folgende Werte im Mittelpunkt:<\/p><ul data-start=\"2313\" data-end=\"2537\"><li data-start=\"2313\" data-end=\"2370\"><p data-start=\"2315\" data-end=\"2370\"><strong data-start=\"2315\" data-end=\"2330\">Transparenz<\/strong> \u2013 klare Informationen ohne Fachjargon<\/p><\/li><li data-start=\"2371\" data-end=\"2429\"><p data-start=\"2373\" data-end=\"2429\"><strong data-start=\"2373\" data-end=\"2388\">Neutralit\u00e4t<\/strong> \u2013 keine Bevorzugung einzelner Anbieter<\/p><\/li><li data-start=\"2430\" data-end=\"2479\"><p data-start=\"2432\" data-end=\"2479\"><strong data-start=\"2432\" data-end=\"2447\">Datenschutz<\/strong> \u2013 DSGVO-konforme Verarbeitung<\/p><\/li><li data-start=\"2480\" data-end=\"2537\"><p data-start=\"2482\" data-end=\"2537\"><strong data-start=\"2482\" data-end=\"2499\">Verantwortung<\/strong> \u2013 keine unrealistischen Versprechen<\/p><\/li><\/ul><p data-start=\"2539\" data-end=\"2637\">Wir glauben, dass <strong data-start=\"2557\" data-end=\"2600\">gute Entscheidungen auf Wissen basieren<\/strong> \u2013 nicht auf Druck oder Unsicherheit.<\/p><hr data-start=\"2639\" data-end=\"2642\" \/><h2 data-start=\"2644\" data-end=\"2675\"><strong data-start=\"2647\" data-end=\"2675\">Datenschutz &amp; Sicherheit<\/strong><\/h2><p data-start=\"2677\" data-end=\"2730\">Der Schutz Ihrer Daten hat f\u00fcr uns h\u00f6chste Priorit\u00e4t.<\/p><ul data-start=\"2732\" data-end=\"2863\"><li data-start=\"2732\" data-end=\"2765\"><p data-start=\"2734\" data-end=\"2765\">Keine unn\u00f6tige Datenerfassung<\/p><\/li><li data-start=\"2766\" data-end=\"2804\"><p data-start=\"2768\" data-end=\"2804\">Keine Weitergabe ohne Einwilligung<\/p><\/li><li data-start=\"2805\" data-end=\"2836\"><p data-start=\"2807\" data-end=\"2836\">Verschl\u00fcsselte Verarbeitung<\/p><\/li><li data-start=\"2837\" data-end=\"2863\"><p data-start=\"2839\" data-end=\"2863\">DSGVO-konforme Abl\u00e4ufe<\/p><\/li><\/ul><p data-start=\"2865\" data-end=\"2965\">Ihre Daten werden <strong data-start=\"2883\" data-end=\"2908\">treated confidentially<\/strong> und ausschlie\u00dflich f\u00fcr den vorgesehenen Zweck verwendet.<\/p><hr data-start=\"2967\" data-end=\"2970\" \/><h2 data-start=\"2972\" data-end=\"3011\"><strong data-start=\"2975\" data-end=\"3011\">F\u00fcr wen ist BankKredit geeignet?<\/strong><\/h2><p data-start=\"3013\" data-end=\"3050\">BankKredit richtet sich an alle, die:<\/p><ul data-start=\"3051\" data-end=\"3218\"><li data-start=\"3051\" data-end=\"3093\"><p data-start=\"3053\" data-end=\"3093\">ihre <strong data-start=\"3058\" data-end=\"3083\">Check credit opportunities<\/strong> would like<\/p><\/li><li data-start=\"3094\" data-end=\"3134\"><p data-start=\"3096\" data-end=\"3134\">sich \u00fcber Kredite informieren wollen<\/p><\/li><li data-start=\"3135\" data-end=\"3170\"><p data-start=\"3137\" data-end=\"3170\">unsicher \u00fcber ihre Bonit\u00e4t sind<\/p><\/li><li data-start=\"3171\" data-end=\"3218\"><p data-start=\"3173\" data-end=\"3218\">eine fundierte Entscheidung treffen m\u00f6chten<\/p><\/li><\/ul><p data-start=\"3220\" data-end=\"3346\">Unabh\u00e4ngig davon, ob Sie einen Ratenkredit, Privatkredit oder eine Umschuldung planen \u2013 <strong data-start=\"3308\" data-end=\"3345\">Information ist der erste Schritt<\/strong>.<\/p><hr data-start=\"3348\" data-end=\"3351\" \/><h2 data-start=\"3353\" data-end=\"3374\"><strong data-start=\"3356\" data-end=\"3374\">Unser Anspruch<\/strong><\/h2><p data-start=\"3376\" data-end=\"3398\">Wir m\u00f6chten, dass Sie:<\/p><ul data-start=\"3399\" data-end=\"3515\"><li data-start=\"3399\" data-end=\"3452\"><p data-start=\"3401\" data-end=\"3452\">verstehen, wie Kreditentscheidungen funktionieren<\/p><\/li><li data-start=\"3453\" data-end=\"3484\"><p data-start=\"3455\" data-end=\"3484\">Risiken fr\u00fchzeitig erkennen<\/p><\/li><li data-start=\"3485\" data-end=\"3515\"><p data-start=\"3487\" data-end=\"3515\">selbstbestimmt entscheiden<\/p><\/li><\/ul><p data-start=\"3517\" data-end=\"3573\"><strong data-start=\"3517\" data-end=\"3573\">BankKredit steht f\u00fcr Orientierung vor Verpflichtung.<\/strong><\/p><hr data-start=\"3575\" data-end=\"3578\" \/><h2 data-start=\"3580\" data-end=\"3594\"><strong data-start=\"3583\" data-end=\"3594\">Contact<\/strong><\/h2><p data-start=\"3596\" data-end=\"3663\">Haben Sie Fragen oder Anmerkungen?<br data-start=\"3630\" data-end=\"3633\" \/>Wir helfen Ihnen gerne weiter.<\/p><p data-start=\"3665\" data-end=\"3741\">\ud83d\udc49 Besuchen Sie unsere <strong data-start=\"3688\" data-end=\"3704\">Kontaktseite<\/strong>, um mit uns in Verbindung zu treten.<\/p><hr data-start=\"3743\" data-end=\"3746\" \/><h2 data-start=\"3748\" data-end=\"3760\"><strong data-start=\"3751\" data-end=\"3760\">Fazit<\/strong><\/h2><p data-start=\"3762\" data-end=\"3938\">BankKredit ist Ihr vertrauensw\u00fcrdiger Begleiter, wenn es darum geht, <strong data-start=\"3831\" data-end=\"3862\">Kredit Chancen zu verstehen<\/strong>, bevor Sie einen Antrag stellen. Neutral, transparent und nutzerorientiert.<\/p><p data-start=\"3940\" data-end=\"3974\"><strong data-start=\"3940\" data-end=\"3974\">Erst pr\u00fcfen. Dann entscheiden.<\/strong><\/p>\t\t\t\t\t\t\t\t<\/div>\n\t\t\t\t\t<\/div>\n\t\t<\/div>\n\t\t\t\t\t<\/div>\n\t\t<\/section>\n\t\t\t\t<\/div>","protected":false},"excerpt":{"rendered":"<p>Elementor #311 BankKredit ist ein unabh\u00e4ngiges, digitales Kreditportal mit dem Ziel, Verbrauchern mehr Transparenz, Orientierung und Sicherheit bei Kreditentscheidungen zu bieten. Wir helfen Menschen dabei, ihre Kredit Chancen realistisch einzusch\u00e4tzen, bevor sie einen verbindlichen Kreditantrag stellen. In einer Zeit, in der Kreditangebote oft un\u00fcbersichtlich und komplex sind, setzen wir auf klare Informationen, verst\u00e4ndliche Prozesse und [&hellip;]<\/p>","protected":false},"author":1,"featured_media":0,"parent":0,"menu_order":0,"comment_status":"closed","ping_status":"closed","template":"","meta":{"footnotes":""},"class_list":["post-311","page","type-page","status-publish","hentry"],"_links":{"self":[{"href":"https:\/\/bankkredit.com\/en\/wp-json\/wp\/v2\/pages\/311","targetHints":{"allow":["GET"]}}],"collection":[{"href":"https:\/\/bankkredit.com\/en\/wp-json\/wp\/v2\/pages"}],"about":[{"href":"https:\/\/bankkredit.com\/en\/wp-json\/wp\/v2\/types\/page"}],"author":[{"embeddable":true,"href":"https:\/\/bankkredit.com\/en\/wp-json\/wp\/v2\/users\/1"}],"replies":[{"embeddable":true,"href":"https:\/\/bankkredit.com\/en\/wp-json\/wp\/v2\/comments?post=311"}],"version-history":[{"count":4,"href":"https:\/\/bankkredit.com\/en\/wp-json\/wp\/v2\/pages\/311\/revisions"}],"predecessor-version":[{"id":315,"href":"https:\/\/bankkredit.com\/en\/wp-json\/wp\/v2\/pages\/311\/revisions\/315"}],"wp:attachment":[{"href":"https:\/\/bankkredit.com\/en\/wp-json\/wp\/v2\/media?parent=311"}],"curies":[{"name":"wp","href":"https:\/\/api.w.org\/{rel}","templated":true}]}}