{"id":326,"date":"2025-12-22T10:17:46","date_gmt":"2025-12-22T10:17:46","guid":{"rendered":"https:\/\/bankkredit.com\/?page_id=326"},"modified":"2025-12-22T10:18:59","modified_gmt":"2025-12-22T10:18:59","slug":"haftungsausschluss","status":"publish","type":"page","link":"https:\/\/bankkredit.com\/en\/haftungsausschluss\/","title":{"rendered":"Disclaimer"},"content":{"rendered":"<style>.elementor-326 .elementor-element.elementor-element-5589e4a6 > .elementor-background-overlay{background-image:url(\"https:\/\/bankkredit.com\/wp-content\/uploads\/2025\/12\/header_02.jpg\");background-position:top left;background-repeat:no-repeat;opacity:0.5;}.elementor-326 .elementor-element.elementor-element-5589e4a6{border-style:solid;border-width:0px 0px 1px 0px;border-color:#50505017;margin-top:-70px;margin-bottom:0px;padding:160px 0px 20px 0px;}.elementor-326 .elementor-element.elementor-element-2ff60e36 .jeg-elementor-kit.jkit-post-title{text-align:left;}.elementor-326 .elementor-element.elementor-element-2ff60e36 .jeg-elementor-kit.jkit-post-title .post-title.style-color, .elementor-326 .elementor-element.elementor-element-2ff60e36 .jeg-elementor-kit.jkit-post-title .post-title.style-color a{color:var( --e-global-color-primary );}.elementor-326 .elementor-element.elementor-element-6f6610ef{margin-top:0px;margin-bottom:60px;padding:0px 0px 0px 0px;z-index:0;}.elementor-326 .elementor-element.elementor-element-2ffd461f > .elementor-element-populated{border-style:solid;border-width:1px 0px 0px 0px;border-color:#1701265E;margin:-1px 0px 0px 0px;--e-column-margin-right:0px;--e-column-margin-left:0px;padding:80px 10px 0px 10px;}@media(max-width:1024px) and (min-width:768px){.elementor-326 .elementor-element.elementor-element-342af36c{width:100%;}}@media(max-width:1024px){.elementor-326 .elementor-element.elementor-element-5589e4a6{padding:130px 30px 30px 30px;}.elementor-326 .elementor-element.elementor-element-2ffd461f > .elementor-element-populated{padding:30px 30px 0px 30px;}}@media(max-width:767px){.elementor-326 .elementor-element.elementor-element-5589e4a6{padding:60px 20px 0px 20px;}.elementor-326 .elementor-element.elementor-element-342af36c > .elementor-element-populated{margin:60px 0px 20px 0px;--e-column-margin-right:0px;--e-column-margin-left:0px;padding:0px 0px 0px 0px;}.elementor-326 .elementor-element.elementor-element-6f6610ef{margin-top:0px;margin-bottom:0px;}.elementor-326 .elementor-element.elementor-element-2ffd461f > .elementor-element-populated{padding:60px 20px 30px 20px;}}<\/style>\t\t<div data-elementor-type=\"wp-page\" data-elementor-id=\"326\" class=\"elementor elementor-326\" data-elementor-post-type=\"page\">\n\t\t\t\t\t\t<section class=\"elementor-section elementor-top-section elementor-element elementor-element-5589e4a6 elementor-section-boxed elementor-section-height-default elementor-section-height-default\" data-id=\"5589e4a6\" data-element_type=\"section\" data-e-type=\"section\">\n\t\t\t\t\t\t\t<div class=\"elementor-background-overlay\"><\/div>\n\t\t\t\t\t\t\t<div class=\"elementor-container elementor-column-gap-default\">\n\t\t\t\t\t<div class=\"elementor-column elementor-col-100 elementor-top-column elementor-element elementor-element-342af36c\" data-id=\"342af36c\" data-element_type=\"column\" data-e-type=\"column\">\n\t\t\t<div class=\"elementor-widget-wrap elementor-element-populated\">\n\t\t\t\t\t\t<div class=\"elementor-element elementor-element-2ff60e36 elementor-widget elementor-widget-jkit_post_title\" data-id=\"2ff60e36\" data-element_type=\"widget\" data-e-type=\"widget\" data-widget_type=\"jkit_post_title.default\">\n\t\t\t\t\t<div  class=\"jeg-elementor-kit jkit-post-title jeg_module___69fe158091702\" ><h2 class=\"post-title style-color\">Disclaimer<\/h2><\/div>\t\t\t\t<\/div>\n\t\t\t\t\t<\/div>\n\t\t<\/div>\n\t\t\t\t\t<\/div>\n\t\t<\/section>\n\t\t\t\t<section class=\"elementor-section elementor-top-section elementor-element elementor-element-6f6610ef elementor-section-boxed elementor-section-height-default elementor-section-height-default\" data-id=\"6f6610ef\" data-element_type=\"section\" data-e-type=\"section\">\n\t\t\t\t\t\t<div class=\"elementor-container elementor-column-gap-default\">\n\t\t\t\t\t<div class=\"elementor-column elementor-col-100 elementor-top-column elementor-element elementor-element-2ffd461f\" data-id=\"2ffd461f\" data-element_type=\"column\" data-e-type=\"column\">\n\t\t\t<div class=\"elementor-widget-wrap elementor-element-populated\">\n\t\t\t\t\t\t<div class=\"elementor-element elementor-element-7ad7b2e1 elementor-widget elementor-widget-text-editor\" data-id=\"7ad7b2e1\" data-element_type=\"widget\" data-e-type=\"widget\" data-widget_type=\"text-editor.default\">\n\t\t\t\t\t\t\t\t\t<p data-start=\"266\" data-end=\"509\">Die Inhalte auf <strong data-start=\"282\" data-end=\"296\">bank loan<\/strong> dienen ausschlie\u00dflich der <strong data-start=\"323\" data-end=\"367\">allgemeinen Information und Orientierung<\/strong> rund um das Thema Kredite. Sie stellen <strong data-start=\"407\" data-end=\"438\">keine individuelle Beratung<\/strong> dar und ersetzen weder eine rechtliche noch eine finanzielle Beratung.<\/p><hr data-start=\"511\" data-end=\"514\" \/><h3 data-start=\"516\" data-end=\"552\"><strong data-start=\"519\" data-end=\"552\">Kein Kreditgeber \/ Keine Bank<\/strong><\/h3><p data-start=\"554\" data-end=\"631\"><strong data-start=\"554\" data-end=\"631\">BankKredit ist keine Bank, kein Kreditinstitut und kein Kreditvermittler.<\/strong><\/p><ul data-start=\"633\" data-end=\"797\"><li data-start=\"633\" data-end=\"665\"><p data-start=\"635\" data-end=\"665\">Wir vergeben <strong data-start=\"648\" data-end=\"665\">keine Kredite<\/strong><\/p><\/li><li data-start=\"666\" data-end=\"710\"><p data-start=\"668\" data-end=\"710\">Wir treffen <strong data-start=\"680\" data-end=\"710\">keine Kreditentscheidungen<\/strong><\/p><\/li><li data-start=\"711\" data-end=\"756\"><p data-start=\"713\" data-end=\"756\">Wir garantieren <strong data-start=\"729\" data-end=\"756\">keine Kreditgenehmigung<\/strong><\/p><\/li><li data-start=\"757\" data-end=\"797\"><p data-start=\"759\" data-end=\"797\">Wir bearbeiten <strong data-start=\"774\" data-end=\"797\">keine Kreditantr\u00e4ge<\/strong><\/p><\/li><\/ul><p data-start=\"799\" data-end=\"940\">Unsere Inhalte und Tools dienen ausschlie\u00dflich dazu, Nutzern eine <strong data-start=\"865\" data-end=\"903\">erste, unverbindliche Einsch\u00e4tzung<\/strong> und Informationsgrundlage zu bieten.<\/p><hr data-start=\"942\" data-end=\"945\" \/><h3 data-start=\"947\" data-end=\"993\"><strong data-start=\"950\" data-end=\"993\">Unverbindlichkeit der Kredit Vorpr\u00fcfung<\/strong><\/h3><p data-start=\"995\" data-end=\"1054\">Die auf BankKredit angebotene <strong data-start=\"1025\" data-end=\"1046\">Credit pre-approval<\/strong> stellt:<\/p><ul data-start=\"1055\" data-end=\"1197\"><li data-start=\"1055\" data-end=\"1098\"><p data-start=\"1057\" data-end=\"1098\"><strong data-start=\"1057\" data-end=\"1092\">keine verbindliche Kreditzusage<\/strong> dar<\/p><\/li><li data-start=\"1099\" data-end=\"1148\"><p data-start=\"1101\" data-end=\"1148\"><strong data-start=\"1101\" data-end=\"1119\">keine Garantie<\/strong> f\u00fcr eine Kreditgenehmigung<\/p><\/li><li data-start=\"1149\" data-end=\"1197\"><p data-start=\"1151\" data-end=\"1197\"><strong data-start=\"1151\" data-end=\"1197\">keine Bonit\u00e4tspr\u00fcfung im rechtlichen Sinne<\/strong><\/p><\/li><\/ul><p data-start=\"1199\" data-end=\"1347\">Das Ergebnis der Kredit Vorpr\u00fcfung dient ausschlie\u00dflich der <strong data-start=\"1259\" data-end=\"1275\">Orientierung<\/strong> und kann von der sp\u00e4teren Entscheidung eines Kreditinstituts abweichen.<\/p><hr data-start=\"1349\" data-end=\"1352\" \/><h3 data-start=\"1354\" data-end=\"1411\"><strong data-start=\"1357\" data-end=\"1411\">Keine Garantie f\u00fcr Aktualit\u00e4t oder Vollst\u00e4ndigkeit<\/strong><\/h3><p data-start=\"1413\" data-end=\"1538\">Wir bem\u00fchen uns, alle Inhalte sorgf\u00e4ltig zu recherchieren und aktuell zu halten. Dennoch \u00fcbernehmen wir <strong data-start=\"1517\" data-end=\"1533\">keine Gew\u00e4hr<\/strong> f\u00fcr:<\/p><ul data-start=\"1539\" data-end=\"1589\"><li data-start=\"1539\" data-end=\"1553\"><p data-start=\"1541\" data-end=\"1553\">Aktualit\u00e4t<\/p><\/li><li data-start=\"1554\" data-end=\"1569\"><p data-start=\"1556\" data-end=\"1569\">Richtigkeit<\/p><\/li><li data-start=\"1570\" data-end=\"1589\"><p data-start=\"1572\" data-end=\"1589\">Vollst\u00e4ndigkeit<\/p><\/li><\/ul><p data-start=\"1591\" data-end=\"1682\">Finanzprodukte, Konditionen und gesetzliche Rahmenbedingungen k\u00f6nnen sich jederzeit \u00e4ndern.<\/p><hr data-start=\"1684\" data-end=\"1687\" \/><h3 data-start=\"1689\" data-end=\"1729\"><strong data-start=\"1692\" data-end=\"1729\">Keine Haftung f\u00fcr externe Inhalte<\/strong><\/h3><p data-start=\"1731\" data-end=\"1881\">BankKredit kann Verweise (Links) zu externen Webseiten enthalten.<br data-start=\"1796\" data-end=\"1799\" \/>F\u00fcr Inhalte externer Anbieter \u00fcbernehmen wir <strong data-start=\"1844\" data-end=\"1880\">keine Verantwortung oder Haftung<\/strong>.<\/p><p data-start=\"1883\" data-end=\"1971\">F\u00fcr den Inhalt der verlinkten Seiten sind ausschlie\u00dflich deren Betreiber verantwortlich.<\/p><hr data-start=\"1973\" data-end=\"1976\" \/><h3 data-start=\"1978\" data-end=\"2029\"><strong data-start=\"1981\" data-end=\"2029\">Keine Haftung f\u00fcr Entscheidungen des Nutzers<\/strong><\/h3><p data-start=\"2031\" data-end=\"2132\">Die Nutzung der Inhalte, Tools und Informationen auf BankKredit erfolgt <strong data-start=\"2103\" data-end=\"2131\">auf eigene Verantwortung<\/strong>.<\/p><p data-start=\"2134\" data-end=\"2162\">BankKredit haftet nicht f\u00fcr:<\/p><ul data-start=\"2163\" data-end=\"2296\"><li data-start=\"2163\" data-end=\"2187\"><p data-start=\"2165\" data-end=\"2187\">finanzielle Verluste<\/p><\/li><li data-start=\"2188\" data-end=\"2210\"><p data-start=\"2190\" data-end=\"2210\">entgangene Chancen<\/p><\/li><li data-start=\"2211\" data-end=\"2296\"><p data-start=\"2213\" data-end=\"2296\">Entscheidungen, die auf Basis der bereitgestellten Informationen getroffen wurden<\/p><\/li><\/ul><hr data-start=\"2298\" data-end=\"2301\" \/><h3 data-start=\"2303\" data-end=\"2321\"><strong data-start=\"2306\" data-end=\"2321\">Datenschutz<\/strong><\/h3><p data-start=\"2323\" data-end=\"2467\">Der Schutz Ihrer personenbezogenen Daten ist uns wichtig.<br data-start=\"2380\" data-end=\"2383\" \/>Details zur Verarbeitung Ihrer Daten finden Sie in unserer <strong data-start=\"2442\" data-end=\"2466\">Datenschutzerkl\u00e4rung<\/strong>.<\/p><hr data-start=\"2469\" data-end=\"2472\" \/><h3 data-start=\"2474\" data-end=\"2526\"><strong data-start=\"2477\" data-end=\"2526\">Rechtswirksamkeit dieses Haftungsausschlusses<\/strong><\/h3><p data-start=\"2528\" data-end=\"2692\">Sollten einzelne Bestimmungen dieses Haftungsausschlusses ganz oder teilweise unwirksam sein oder werden, bleibt die Wirksamkeit der \u00fcbrigen Bestimmungen unber\u00fchrt.<\/p><hr data-start=\"2694\" data-end=\"2697\" \/><h3 data-start=\"2699\" data-end=\"2713\"><strong data-start=\"2702\" data-end=\"2713\">Contact<\/strong><\/h3><p data-start=\"2715\" data-end=\"2811\">Bei Fragen zu diesem Haftungsausschluss kontaktieren Sie uns bitte \u00fcber unsere <strong data-start=\"2794\" data-end=\"2810\">Kontaktseite<\/strong>.<\/p><hr data-start=\"2813\" data-end=\"2816\" \/><h3 data-start=\"2818\" data-end=\"2830\"><strong data-start=\"2821\" data-end=\"2830\">Fazit<\/strong><\/h3><p data-start=\"2832\" data-end=\"3045\">BankKredit bietet neutrale Informationen und Orientierung rund um das Thema Kredite.<br data-start=\"2916\" data-end=\"2919\" \/>Wir unterst\u00fctzen Sie dabei, <strong data-start=\"2947\" data-end=\"2977\">informierte Entscheidungen<\/strong> zu treffen \u2013 jedoch <strong data-start=\"2998\" data-end=\"3044\">ohne Garantie, Beratung oder Verpflichtung<\/strong>.<\/p><hr data-start=\"3047\" data-end=\"3050\" \/>\t\t\t\t\t\t\t\t<\/div>\n\t\t\t\t\t<\/div>\n\t\t<\/div>\n\t\t\t\t\t<\/div>\n\t\t<\/section>\n\t\t\t\t<\/div>","protected":false},"excerpt":{"rendered":"<p>Haftungsausschluss Die Inhalte auf BankKredit dienen ausschlie\u00dflich der allgemeinen Information und Orientierung rund um das Thema Kredite. Sie stellen keine individuelle Beratung dar und ersetzen weder eine rechtliche noch eine finanzielle Beratung. Kein Kreditgeber \/ Keine Bank BankKredit ist keine Bank, kein Kreditinstitut und kein Kreditvermittler. Wir vergeben keine Kredite Wir treffen keine Kreditentscheidungen Wir [&hellip;]<\/p>","protected":false},"author":1,"featured_media":0,"parent":0,"menu_order":0,"comment_status":"closed","ping_status":"closed","template":"","meta":{"footnotes":""},"class_list":["post-326","page","type-page","status-publish","hentry"],"_links":{"self":[{"href":"https:\/\/bankkredit.com\/en\/wp-json\/wp\/v2\/pages\/326","targetHints":{"allow":["GET"]}}],"collection":[{"href":"https:\/\/bankkredit.com\/en\/wp-json\/wp\/v2\/pages"}],"about":[{"href":"https:\/\/bankkredit.com\/en\/wp-json\/wp\/v2\/types\/page"}],"author":[{"embeddable":true,"href":"https:\/\/bankkredit.com\/en\/wp-json\/wp\/v2\/users\/1"}],"replies":[{"embeddable":true,"href":"https:\/\/bankkredit.com\/en\/wp-json\/wp\/v2\/comments?post=326"}],"version-history":[{"count":4,"href":"https:\/\/bankkredit.com\/en\/wp-json\/wp\/v2\/pages\/326\/revisions"}],"predecessor-version":[{"id":330,"href":"https:\/\/bankkredit.com\/en\/wp-json\/wp\/v2\/pages\/326\/revisions\/330"}],"wp:attachment":[{"href":"https:\/\/bankkredit.com\/en\/wp-json\/wp\/v2\/media?parent=326"}],"curies":[{"name":"wp","href":"https:\/\/api.w.org\/{rel}","templated":true}]}}